{"id":885,"date":"2020-02-19T07:07:35","date_gmt":"2020-02-19T07:07:35","guid":{"rendered":"https:\/\/demo-themewinter.com\/turitor\/tutor-classic\/?page_id=885"},"modified":"2020-04-21T07:32:38","modified_gmt":"2020-04-21T07:32:38","slug":"instructor","status":"publish","type":"page","link":"https:\/\/demo-themewinter.com\/turitor\/tutor-classic\/instructor\/","title":{"rendered":"Instructor"},"content":{"rendered":"\t\t<div data-elementor-type=\"wp-page\" data-elementor-id=\"885\" class=\"elementor elementor-885\">\n\t\t\t\t\t\t<section class=\"elementor-section elementor-top-section elementor-element elementor-element-465d749b elementor-section-boxed elementor-section-height-default elementor-section-height-default\" data-id=\"465d749b\" data-element_type=\"section\" data-e-type=\"section\" data-settings=\"{&quot;background_background&quot;:&quot;classic&quot;}\">\n\t\t\t\t\t\t<div class=\"elementor-container elementor-column-gap-default\">\n\t\t\t\t\t<div class=\"elementor-column elementor-col-100 elementor-top-column elementor-element elementor-element-2d4ac416\" data-id=\"2d4ac416\" data-element_type=\"column\" data-e-type=\"column\">\n\t\t\t<div class=\"elementor-widget-wrap elementor-element-populated\">\n\t\t\t\t\t\t<section class=\"elementor-section elementor-inner-section elementor-element elementor-element-51fc13e2 elementor-section-boxed elementor-section-height-default elementor-section-height-default\" data-id=\"51fc13e2\" data-element_type=\"section\" data-e-type=\"section\">\n\t\t\t\t\t\t<div class=\"elementor-container elementor-column-gap-default\">\n\t\t\t\t\t<div class=\"elementor-column elementor-col-50 elementor-inner-column elementor-element elementor-element-711f92e6\" data-id=\"711f92e6\" data-element_type=\"column\" data-e-type=\"column\">\n\t\t\t<div class=\"elementor-widget-wrap elementor-element-populated\">\n\t\t\t\t\t\t<div class=\"elementor-element elementor-element-2315d556 elementor-widget elementor-widget-turitor-title\" data-id=\"2315d556\" data-element_type=\"widget\" data-e-type=\"widget\" data-settings=\"{&quot;ekit_we_effect_on&quot;:&quot;none&quot;}\" data-widget_type=\"turitor-title.default\">\n\t\t\t\t<div class=\"elementor-widget-container\">\n\t\t\t\t\t\r\n\t\t<div class=\"ts-section-title title-left\">\r\n\t\t\t<h2 class=\"section-title \">\r\n\t\t\t\t\t\t\t\t\t<span class=\"sub-title\">#Team<\/span>\r\n\t\t\t\t\t\t\t\tA leadership team\nwith vision\t\t\t<\/h2>\r\n\t\t\t\t\t\t\t<i class=\"\"><\/i>\r\n\t\t\t\t\t\t\r\n\t\t<\/div>\r\n\r\n\t\t\t\t<\/div>\n\t\t\t\t<\/div>\n\t\t\t\t\t<\/div>\n\t\t<\/div>\n\t\t\t\t<div class=\"elementor-column elementor-col-50 elementor-inner-column elementor-element elementor-element-52b93f6b\" data-id=\"52b93f6b\" data-element_type=\"column\" data-e-type=\"column\">\n\t\t\t<div class=\"elementor-widget-wrap elementor-element-populated\">\n\t\t\t\t\t\t<div class=\"elementor-element elementor-element-72c5d827 elementor-widget elementor-widget-text-editor\" data-id=\"72c5d827\" data-element_type=\"widget\" data-e-type=\"widget\" data-settings=\"{&quot;ekit_we_effect_on&quot;:&quot;none&quot;}\" data-widget_type=\"text-editor.default\">\n\t\t\t\t<div class=\"elementor-widget-container\">\n\t\t\t\t\t\t\t\t\t<p>Our executives lead by example and guide us to accomplish great things every day. Online learning offers a new way to explore.<\/p>\t\t\t\t\t\t\t\t<\/div>\n\t\t\t\t<\/div>\n\t\t\t\t\t<\/div>\n\t\t<\/div>\n\t\t\t\t\t<\/div>\n\t\t<\/section>\n\t\t\t\t<div class=\"elementor-element elementor-element-9ceedb6 elementor-widget elementor-widget-tutor-instructor\" data-id=\"9ceedb6\" data-element_type=\"widget\" data-e-type=\"widget\" data-settings=\"{&quot;ekit_we_effect_on&quot;:&quot;none&quot;}\" data-widget_type=\"tutor-instructor.default\">\n\t\t\t\t<div class=\"elementor-widget-container\">\n\t\t\t\t\t   <div class=\"instructor-list row\">\r\n               <div class=\"col-md-4 col-lg-3\">\r\n            <div class=\"instructor-list-wrap\">\r\n                                 <div class=\"single-instructor-item\">\r\n                     <div class=\"insturctor-img-area normal\">\r\n                        <div class=\"instructor-profile-pic round\">\r\n                                                         <img decoding=\"async\" src=\"https:\/\/secure.gravatar.com\/avatar\/0bb446a5c7a6c421427733630d2d13928cdc63f314a5909575b4789311523a39?s=96&#038;d=mm&#038;r=g \">\r\n                                                   <\/div>\r\n                     <\/div>\r\n                     <div class=\"instructor-profile-content normal\">\r\n                                                   <h2 class=\"instructor-name\">\r\n                              <a href=\"https:\/\/demo-themewinter.com\/turitor\/tutor-classic\/profile\/victor?view=student\"> V\u00edctor Vald\u00e9s<\/a>\r\n\r\n                           <\/h2>\r\n                        \r\n                                                   <p class=\"instructor-designation\">\r\n                              Professor                           <\/p>\r\n                                             <\/div>\r\n\r\n                     <!-- hover item -->\r\n                     <div class=\"single-instructor-item hover-item\">\r\n                        <div class=\"insturctor-img-area\">\r\n                           <div class=\"instructor-profile-pic\">\r\n                                                         <img decoding=\"async\" src=\"https:\/\/secure.gravatar.com\/avatar\/0bb446a5c7a6c421427733630d2d13928cdc63f314a5909575b4789311523a39?s=96&#038;d=mm&#038;r=g \">\r\n                                                      <\/div>\r\n                           <div class=\"instructor-profile-content\">\r\n                                                               <h2 class=\"instructor-name\">\r\n                                    <a href=\"https:\/\/demo-themewinter.com\/turitor\/tutor-classic\/profile\/victor?view=student\"> V\u00edctor Vald\u00e9s<\/a>\r\n\r\n                                 <\/h2>\r\n                                                            \r\n                                                               <p class=\"instructor-designation\">\r\n                                    Professor                                 <\/p>\r\n                              \r\n                              <div class=\"instructor-social\">\r\n                                                                                                            <a href=\"http:\/\/www.facebook.com\"><i class='fa fa-facebook'> <\/i><\/a>\r\n                                                                           <a href=\"http:\/\/www.twitter.com\"><i class='fa fa-twitter'> <\/i><\/a>\r\n                                                                           <a href=\"http:\/\/www.linkedin.com\"><i class='fa fa-linkedin'> <\/i><\/a>\r\n                                                                           <a href=\"http:\/\/www.instagram.com\"><i class='fa fa-apple'> <\/i><\/a>\r\n                                                                                                   <\/div>\r\n                           <\/div>\r\n                        <\/div>\r\n                     <\/div>\r\n                  <\/div>\r\n                           <\/div>\r\n         <\/div>\r\n               <div class=\"col-md-4 col-lg-3\">\r\n            <div class=\"instructor-list-wrap\">\r\n                                 <div class=\"single-instructor-item\">\r\n                     <div class=\"insturctor-img-area normal\">\r\n                        <div class=\"instructor-profile-pic round\">\r\n                                                         <img decoding=\"async\" src=\"https:\/\/secure.gravatar.com\/avatar\/8d1414327d04dfd1f942f7549cb2c869e85cbe89f1483afaf3f45c791137c32e?s=96&#038;d=mm&#038;r=g \">\r\n                                                   <\/div>\r\n                     <\/div>\r\n                     <div class=\"instructor-profile-content normal\">\r\n                                                   <h2 class=\"instructor-name\">\r\n                              <a href=\"https:\/\/demo-themewinter.com\/turitor\/tutor-classic\/profile\/ericabidal?view=student\"> Eric Abidal<\/a>\r\n\r\n                           <\/h2>\r\n                        \r\n                                                   <p class=\"instructor-designation\">\r\n                              Professor                           <\/p>\r\n                                             <\/div>\r\n\r\n                     <!-- hover item -->\r\n                     <div class=\"single-instructor-item hover-item\">\r\n                        <div class=\"insturctor-img-area\">\r\n                           <div class=\"instructor-profile-pic\">\r\n                                                         <img decoding=\"async\" src=\"https:\/\/secure.gravatar.com\/avatar\/8d1414327d04dfd1f942f7549cb2c869e85cbe89f1483afaf3f45c791137c32e?s=96&#038;d=mm&#038;r=g \">\r\n                                                      <\/div>\r\n                           <div class=\"instructor-profile-content\">\r\n                                                               <h2 class=\"instructor-name\">\r\n                                    <a href=\"https:\/\/demo-themewinter.com\/turitor\/tutor-classic\/profile\/ericabidal?view=student\"> Eric Abidal<\/a>\r\n\r\n                                 <\/h2>\r\n                                                            \r\n                                                               <p class=\"instructor-designation\">\r\n                                    Professor                                 <\/p>\r\n                              \r\n                              <div class=\"instructor-social\">\r\n                                                                                                            <a href=\"http:\/\/www.facebook.com\"><i class='fa fa-facebook'> <\/i><\/a>\r\n                                                                           <a href=\"http:\/\/www.twitter.com\"><i class='fa fa-twitter'> <\/i><\/a>\r\n                                                                           <a href=\"http:\/\/www.linkedin.com\"><i class='fa fa-linkedin'> <\/i><\/a>\r\n                                                                           <a href=\"http:\/\/www.instagram.com\"><i class='fa fa-instagram'> <\/i><\/a>\r\n                                                                                                   <\/div>\r\n                           <\/div>\r\n                        <\/div>\r\n                     <\/div>\r\n                  <\/div>\r\n                           <\/div>\r\n         <\/div>\r\n               <div class=\"col-md-4 col-lg-3\">\r\n            <div class=\"instructor-list-wrap\">\r\n                                 <div class=\"single-instructor-item\">\r\n                     <div class=\"insturctor-img-area normal\">\r\n                        <div class=\"instructor-profile-pic round\">\r\n                                                         <img decoding=\"async\" src=\"https:\/\/secure.gravatar.com\/avatar\/69a8996566acd5f32ea7628f44dd462e912be0bb13fdddfd1330eab5c76783c6?s=96&#038;d=mm&#038;r=g \">\r\n                                                   <\/div>\r\n                     <\/div>\r\n                     <div class=\"instructor-profile-content normal\">\r\n                                                   <h2 class=\"instructor-name\">\r\n                              <a href=\"https:\/\/demo-themewinter.com\/turitor\/tutor-classic\/profile\/carolina-martin?view=student\"> Carolina Martin<\/a>\r\n\r\n                           <\/h2>\r\n                        \r\n                                                   <p class=\"instructor-designation\">\r\n                              Professor                           <\/p>\r\n                                             <\/div>\r\n\r\n                     <!-- hover item -->\r\n                     <div class=\"single-instructor-item hover-item\">\r\n                        <div class=\"insturctor-img-area\">\r\n                           <div class=\"instructor-profile-pic\">\r\n                                                         <img decoding=\"async\" src=\"https:\/\/secure.gravatar.com\/avatar\/69a8996566acd5f32ea7628f44dd462e912be0bb13fdddfd1330eab5c76783c6?s=96&#038;d=mm&#038;r=g \">\r\n                                                      <\/div>\r\n                           <div class=\"instructor-profile-content\">\r\n                                                               <h2 class=\"instructor-name\">\r\n                                    <a href=\"https:\/\/demo-themewinter.com\/turitor\/tutor-classic\/profile\/carolina-martin?view=student\"> Carolina Martin<\/a>\r\n\r\n                                 <\/h2>\r\n                                                            \r\n                                                               <p class=\"instructor-designation\">\r\n                                    Professor                                 <\/p>\r\n                              \r\n                              <div class=\"instructor-social\">\r\n                                                                                                            <a href=\"http:\/\/www.facebook.com\"><i class='fa fa-facebook'> <\/i><\/a>\r\n                                                                           <a href=\"http:\/\/www.twitter.com\"><i class='fa fa-twitter'> <\/i><\/a>\r\n                                                                           <a href=\"http:\/\/www.linkedin.com\"><i class='fa fa-linkedin'> <\/i><\/a>\r\n                                                                           <a href=\"http:\/\/www.instagram.com\"><i class='fa fa-instagram'> <\/i><\/a>\r\n                                                                           <a href=\"http:\/\/www.youtube.com\"><i class='fa fa-youtube'> <\/i><\/a>\r\n                                                                                                   <\/div>\r\n                           <\/div>\r\n                        <\/div>\r\n                     <\/div>\r\n                  <\/div>\r\n                           <\/div>\r\n         <\/div>\r\n               <div class=\"col-md-4 col-lg-3\">\r\n            <div class=\"instructor-list-wrap\">\r\n                                 <div class=\"single-instructor-item\">\r\n                     <div class=\"insturctor-img-area normal\">\r\n                        <div class=\"instructor-profile-pic round\">\r\n                                                         <img decoding=\"async\" src=\" \">\r\n                                                   <\/div>\r\n                     <\/div>\r\n                     <div class=\"instructor-profile-content normal\">\r\n                                                   <h2 class=\"instructor-name\">\r\n                              <a href=\"https:\/\/demo-themewinter.com\/turitor\/tutor-classic\/profile\/yolanda-ruiz?view=student\"> Yolanda Ruiz<\/a>\r\n\r\n                           <\/h2>\r\n                        \r\n                                                   <p class=\"instructor-designation\">\r\n                              Professor                           <\/p>\r\n                                             <\/div>\r\n\r\n                     <!-- hover item -->\r\n                     <div class=\"single-instructor-item hover-item\">\r\n                        <div class=\"insturctor-img-area\">\r\n                           <div class=\"instructor-profile-pic\">\r\n                                                         <img decoding=\"async\" src=\" \">\r\n                                                      <\/div>\r\n                           <div class=\"instructor-profile-content\">\r\n                                                               <h2 class=\"instructor-name\">\r\n                                    <a href=\"https:\/\/demo-themewinter.com\/turitor\/tutor-classic\/profile\/yolanda-ruiz?view=student\"> Yolanda Ruiz<\/a>\r\n\r\n                                 <\/h2>\r\n                                                            \r\n                                                               <p class=\"instructor-designation\">\r\n                                    Professor                                 <\/p>\r\n                              \r\n                              <div class=\"instructor-social\">\r\n                                                                                                            <a href=\"http:\/\/www.facebook.com\"><i class='fa fa-facebook'> <\/i><\/a>\r\n                                                                           <a href=\"http:\/\/www.twitter.com\"><i class='fa fa-twitter'> <\/i><\/a>\r\n                                                                           <a href=\"http:\/\/www.linkedin.com\"><i class='fa fa-linkedin'> <\/i><\/a>\r\n                                                                           <a href=\"http:\/\/www.instagram.com\"><i class='fa fa-instagram'> <\/i><\/a>\r\n                                                                                                   <\/div>\r\n                           <\/div>\r\n                        <\/div>\r\n                     <\/div>\r\n                  <\/div>\r\n                           <\/div>\r\n         <\/div>\r\n         <\/div>\r\n\t\t\t\t<\/div>\n\t\t\t\t<\/div>\n\t\t\t\t\t<\/div>\n\t\t<\/div>\n\t\t\t\t\t<\/div>\n\t\t<\/section>\n\t\t\t\t<section class=\"elementor-section elementor-top-section elementor-element elementor-element-67144ce5 elementor-section-boxed elementor-section-height-default elementor-section-height-default\" data-id=\"67144ce5\" data-element_type=\"section\" data-e-type=\"section\" data-settings=\"{&quot;background_background&quot;:&quot;gradient&quot;}\">\n\t\t\t\t\t\t<div class=\"elementor-container elementor-column-gap-default\">\n\t\t\t\t\t<div class=\"elementor-column elementor-col-50 elementor-top-column elementor-element elementor-element-78af2723\" data-id=\"78af2723\" data-element_type=\"column\" data-e-type=\"column\">\n\t\t\t<div class=\"elementor-widget-wrap elementor-element-populated\">\n\t\t\t\t\t\t<div class=\"elementor-element elementor-element-1881fbe5 elementor-widget elementor-widget-elementskit-heading\" data-id=\"1881fbe5\" data-element_type=\"widget\" data-e-type=\"widget\" data-settings=\"{&quot;ekit_we_effect_on&quot;:&quot;none&quot;}\" data-widget_type=\"elementskit-heading.default\">\n\t\t\t\t<div class=\"elementor-widget-container\">\n\t\t\t\t\t<div class=\"ekit-wid-con\" ><div class=\"ekit-heading elementskit-section-title-wraper text_center   ekit_heading_tablet-   ekit_heading_mobile-\"><h2 class=\"ekit-heading--title elementskit-section-title \">Become an Instructor<\/h2>\t\t\t\t<div class='ekit-heading__description'>\n\t\t\t\t\t<p>We\u2019ve got the solution: world-class training and development programs developed by top universities and companies. All on Turitor for Business We provide the tools<\/p>\n\t\t\t\t<\/div>\n\t\t\t<\/div><\/div>\t\t\t\t<\/div>\n\t\t\t\t<\/div>\n\t\t\t\t<div class=\"elementor-element elementor-element-5bb2ae98 elementor-align--mobilecenter elementor-align-center elementor-widget elementor-widget-elementskit-button\" data-id=\"5bb2ae98\" data-element_type=\"widget\" data-e-type=\"widget\" data-settings=\"{&quot;ekit_we_effect_on&quot;:&quot;none&quot;}\" data-widget_type=\"elementskit-button.default\">\n\t\t\t\t<div class=\"elementor-widget-container\">\n\t\t\t\t\t<div class=\"ekit-wid-con\" >\t\t<div class=\"ekit-btn-wraper\">\n\t\t\t\t\t\t\t<a href=\"#\" class=\"elementskit-btn  whitespace--normal\" id=\"\">\n\t\t\t\t\t<i class=\"tsicon tsicon-plus_fill\"><\/i>start teaching today\t\t\t\t<\/a>\n\t\t\t\t\t<\/div>\n        <\/div>\t\t\t\t<\/div>\n\t\t\t\t<\/div>\n\t\t\t\t\t<\/div>\n\t\t<\/div>\n\t\t\t\t<div class=\"elementor-column elementor-col-50 elementor-top-column elementor-element elementor-element-5765e176\" data-id=\"5765e176\" data-element_type=\"column\" data-e-type=\"column\">\n\t\t\t<div class=\"elementor-widget-wrap elementor-element-populated\">\n\t\t\t\t\t\t<div class=\"elementor-element elementor-element-1cba2ffa elementor-widget elementor-widget-elementskit-heading\" data-id=\"1cba2ffa\" data-element_type=\"widget\" data-e-type=\"widget\" data-settings=\"{&quot;ekit_we_effect_on&quot;:&quot;none&quot;}\" data-widget_type=\"elementskit-heading.default\">\n\t\t\t\t<div class=\"elementor-widget-container\">\n\t\t\t\t\t<div class=\"ekit-wid-con\" ><div class=\"ekit-heading elementskit-section-title-wraper text_center   ekit_heading_tablet-   ekit_heading_mobile-\"><h2 class=\"ekit-heading--title elementskit-section-title \">Turitor for Business<\/h2>\t\t\t\t<div class='ekit-heading__description'>\n\t\t\t\t\t<p>Get unlimited access to 4,000+ of Turitor\u2019s top courses for your team. Our quality curriculum is designed with top-tier industry partners, not academics, so you learn the high.<\/p>\n\t\t\t\t<\/div>\n\t\t\t<\/div><\/div>\t\t\t\t<\/div>\n\t\t\t\t<\/div>\n\t\t\t\t<div class=\"elementor-element elementor-element-2db74141 elementor-align-center elementor-widget elementor-widget-elementskit-button\" data-id=\"2db74141\" data-element_type=\"widget\" data-e-type=\"widget\" data-settings=\"{&quot;ekit_we_effect_on&quot;:&quot;none&quot;}\" data-widget_type=\"elementskit-button.default\">\n\t\t\t\t<div class=\"elementor-widget-container\">\n\t\t\t\t\t<div class=\"ekit-wid-con\" >\t\t<div class=\"ekit-btn-wraper\">\n\t\t\t\t\t\t\t<a href=\"#\" class=\"elementskit-btn  whitespace--normal\" id=\"\">\n\t\t\t\t\t<i class=\"tsicon tsicon-plus_fill\"><\/i>get started\t\t\t\t<\/a>\n\t\t\t\t\t<\/div>\n        <\/div>\t\t\t\t<\/div>\n\t\t\t\t<\/div>\n\t\t\t\t\t<\/div>\n\t\t<\/div>\n\t\t\t\t\t<\/div>\n\t\t<\/section>\n\t\t\t\t<\/div>\n\t\t","protected":false},"excerpt":{"rendered":"<p>#Team A leadership team with vision Our executives lead by example and guide us to accomplish great things every day. Online learning offers a new way to explore. V\u00edctor Vald\u00e9s Professor V\u00edctor Vald\u00e9s Professor Eric Abidal Professor Eric Abidal Professor Carolina Martin Professor Carolina Martin Professor Yolanda Ruiz Professor Yolanda Ruiz Professor Become an Instructor [&hellip;]<\/p>\n","protected":false},"author":1,"featured_media":0,"parent":0,"menu_order":0,"comment_status":"closed","ping_status":"closed","template":"template\/full-width-template.php","meta":{"footnotes":""},"class_list":["post-885","page","type-page","status-publish","hentry"],"_links":{"self":[{"href":"https:\/\/demo-themewinter.com\/turitor\/tutor-classic\/wp-json\/wp\/v2\/pages\/885","targetHints":{"allow":["GET"]}}],"collection":[{"href":"https:\/\/demo-themewinter.com\/turitor\/tutor-classic\/wp-json\/wp\/v2\/pages"}],"about":[{"href":"https:\/\/demo-themewinter.com\/turitor\/tutor-classic\/wp-json\/wp\/v2\/types\/page"}],"author":[{"embeddable":true,"href":"https:\/\/demo-themewinter.com\/turitor\/tutor-classic\/wp-json\/wp\/v2\/users\/1"}],"replies":[{"embeddable":true,"href":"https:\/\/demo-themewinter.com\/turitor\/tutor-classic\/wp-json\/wp\/v2\/comments?post=885"}],"version-history":[{"count":0,"href":"https:\/\/demo-themewinter.com\/turitor\/tutor-classic\/wp-json\/wp\/v2\/pages\/885\/revisions"}],"wp:attachment":[{"href":"https:\/\/demo-themewinter.com\/turitor\/tutor-classic\/wp-json\/wp\/v2\/media?parent=885"}],"curies":[{"name":"wp","href":"https:\/\/api.w.org\/{rel}","templated":true}]}}